{"id":1247,"date":"2023-08-22T12:57:10","date_gmt":"2023-08-22T12:57:10","guid":{"rendered":"http:\/\/kluboaza.pl\/?page_id=1247"},"modified":"2025-10-29T17:48:51","modified_gmt":"2025-10-29T17:48:51","slug":"zajecia-wokalne","status":"publish","type":"page","link":"https:\/\/kluboaza.pl\/index.php\/zajecia-wokalne\/","title":{"rendered":"Zaj\u0119cia wokalne"},"content":{"rendered":"\n<p class=\"has-black-color has-vivid-purple-background-color has-text-color has-background\"><strong>Instruktor:<\/strong> mgr Monika Kubik<\/p>\n\n\n\n<p>Absolwentka Wydzia\u0142u Wokalno-Aktorskiego Akademii Muzycznej im. Feliksa Nowowiejskiego w Bydgoszczy oraz studium pedagogicznego z zakresu metodyki \u015bpiewu solowego. Wielokrotna uczestniczka kurs\u00f3w wokalistyki operowej oraz juror konkurs\u00f3w wokalnych. Prowadzi\u0142a wyk\u0142ady dotycz\u0105ce nauczania \u015bpiewu i emisji g\u0142osu. Koncertowa\u0142a mi\u0119dzy innymi<br>w Bydgoszczy, Nakle nad Noteci\u0105, Zdunach oraz Skierniewicach.<\/p>\n","protected":false},"excerpt":{"rendered":"<p>Instruktor: mgr Monika Kubik Absolwentka Wydzia\u0142u Wokalno-Aktorskiego Akademii Muzycznej im. Feliksa Nowowiejskiego w Bydgoszczy oraz studium&#46;&#46;&#46;<\/p>\n","protected":false},"author":1,"featured_media":0,"parent":0,"menu_order":0,"comment_status":"closed","ping_status":"closed","template":"","meta":{"_eb_attr":"","_uag_custom_page_level_css":"","footnotes":""},"class_list":["post-1247","page","type-page","status-publish","hentry"],"uagb_featured_image_src":{"full":false,"thumbnail":false,"medium":false,"medium_large":false,"large":false,"1536x1536":false,"2048x2048":false,"screenplan-small":false,"screenplan-medium":false,"screenplan-large":false,"screenplan-large-h":false,"alx-small":false,"alx-medium":false},"uagb_author_info":{"display_name":"admin6190","author_link":"https:\/\/kluboaza.pl\/index.php\/author\/admin6190\/"},"uagb_comment_info":0,"uagb_excerpt":"Instruktor: mgr Monika Kubik Absolwentka Wydzia\u0142u Wokalno-Aktorskiego Akademii Muzycznej im. Feliksa Nowowiejskiego w Bydgoszczy oraz studium&#46;&#46;&#46;","_links":{"self":[{"href":"https:\/\/kluboaza.pl\/index.php\/wp-json\/wp\/v2\/pages\/1247","targetHints":{"allow":["GET"]}}],"collection":[{"href":"https:\/\/kluboaza.pl\/index.php\/wp-json\/wp\/v2\/pages"}],"about":[{"href":"https:\/\/kluboaza.pl\/index.php\/wp-json\/wp\/v2\/types\/page"}],"author":[{"embeddable":true,"href":"https:\/\/kluboaza.pl\/index.php\/wp-json\/wp\/v2\/users\/1"}],"replies":[{"embeddable":true,"href":"https:\/\/kluboaza.pl\/index.php\/wp-json\/wp\/v2\/comments?post=1247"}],"version-history":[{"count":8,"href":"https:\/\/kluboaza.pl\/index.php\/wp-json\/wp\/v2\/pages\/1247\/revisions"}],"predecessor-version":[{"id":3013,"href":"https:\/\/kluboaza.pl\/index.php\/wp-json\/wp\/v2\/pages\/1247\/revisions\/3013"}],"wp:attachment":[{"href":"https:\/\/kluboaza.pl\/index.php\/wp-json\/wp\/v2\/media?parent=1247"}],"curies":[{"name":"wp","href":"https:\/\/api.w.org\/{rel}","templated":true}]}}