{"id":13,"date":"2023-02-16T16:26:04","date_gmt":"2023-02-16T16:26:04","guid":{"rendered":"http:\/\/kluboaza.pl\/?page_id=13"},"modified":"2025-10-29T17:34:30","modified_gmt":"2025-10-29T17:34:30","slug":"o-nas","status":"publish","type":"page","link":"https:\/\/kluboaza.pl\/index.php\/o-nas\/","title":{"rendered":"O nas"},"content":{"rendered":"\n<p><strong>Osiedlowy Klub OAZA<\/strong> funkcjonuje w strukturach Sp\u00f3\u0142dzielni Mieszkaniowej SSM, powsta\u0142 z my\u015bl\u0105 o zaspokajaniu potrzeb kulturalnych mieszka\u0144c\u00f3w osiedla Widok. Klub kieruje swoj\u0105 dzia\u0142alno\u015b\u0107 do szerokiego grona odbiorc\u00f3w w r\u00f3\u017cnym wieku, oferuj\u0105c sta\u0142e formy zaj\u0119\u0107, spotkania oraz wydarzenia kulturalne. Dbamy o to, aby wszystkie zaj\u0119cia by\u0142y prowadzone na najwy\u017cszym poziomie, w przyjaznej i inspiruj\u0105cej <br>atmosferze, sprzyjaj\u0105cej rozwojowi i integracji spo\u0142eczno\u015bci lokalnej.<\/p>\n\n\n\n<p><strong>Podstawowe kierunki dzia\u0142ania Klubu OAZA<\/strong><br><strong>*<\/strong> dzia\u0142alno\u015b\u0107 opieku\u0144czo-wychowawcza &#8211; skierowana g\u0142\u00f3wnie do dzieci<br><em>&#8211; zaj\u0119cia plastyczne<\/em><br><em>&#8211; pracownia komputerowa<\/em><br><em>&#8211; zaj\u0119cia taneczne<\/em><br><strong>*<\/strong> dzia\u0142alno\u015b\u0107 kulturalno-rozrywkowa &#8211; organizowanie imprez skierowanych do dzieci<br><strong>*<\/strong> dzia\u0142alno\u015b\u0107 sportowo-rekreacyjna<br><em>&#8211; sta\u0142e zaj\u0119cia gimnastyki korekcyjnej<br>&#8211; aerobik<br>&#8211; latino ladies z fitness<br>&#8211; wakacje z OAZ\u0104<br>&#8211; ferie z OAZ\u0104<br>&#8211; klub seniora &#8222;Jutrzenka&#8221;<br>&#8211; klub bryd\u017cowy<br>&#8211; ko\u0142o w\u0119dkarskie PZW &#8222;WIDOK&#8221;<\/em><br><em>&#8211; tenis sto\u0142owy<\/em><\/p>\n\n\n\n<p class=\"has-luminous-vivid-amber-background-color has-background\"><strong>KLUB OAZA<\/strong> czynny jest od <strong>Pn-Pt<\/strong> w godzinach <strong>12:00-20:00<\/strong><\/p>\n","protected":false},"excerpt":{"rendered":"<p>Osiedlowy Klub OAZA funkcjonuje w strukturach Sp\u00f3\u0142dzielni Mieszkaniowej SSM, powsta\u0142 z my\u015bl\u0105 o zaspokajaniu potrzeb kulturalnych&#46;&#46;&#46;<\/p>\n","protected":false},"author":1,"featured_media":0,"parent":0,"menu_order":17,"comment_status":"closed","ping_status":"closed","template":"","meta":{"_eb_attr":"","_uag_custom_page_level_css":"","footnotes":""},"class_list":["post-13","page","type-page","status-publish","hentry"],"uagb_featured_image_src":{"full":false,"thumbnail":false,"medium":false,"medium_large":false,"large":false,"1536x1536":false,"2048x2048":false,"screenplan-small":false,"screenplan-medium":false,"screenplan-large":false,"screenplan-large-h":false,"alx-small":false,"alx-medium":false},"uagb_author_info":{"display_name":"admin6190","author_link":"https:\/\/kluboaza.pl\/index.php\/author\/admin6190\/"},"uagb_comment_info":0,"uagb_excerpt":"Osiedlowy Klub OAZA funkcjonuje w strukturach Sp\u00f3\u0142dzielni Mieszkaniowej SSM, powsta\u0142 z my\u015bl\u0105 o zaspokajaniu potrzeb kulturalnych&#46;&#46;&#46;","_links":{"self":[{"href":"https:\/\/kluboaza.pl\/index.php\/wp-json\/wp\/v2\/pages\/13","targetHints":{"allow":["GET"]}}],"collection":[{"href":"https:\/\/kluboaza.pl\/index.php\/wp-json\/wp\/v2\/pages"}],"about":[{"href":"https:\/\/kluboaza.pl\/index.php\/wp-json\/wp\/v2\/types\/page"}],"author":[{"embeddable":true,"href":"https:\/\/kluboaza.pl\/index.php\/wp-json\/wp\/v2\/users\/1"}],"replies":[{"embeddable":true,"href":"https:\/\/kluboaza.pl\/index.php\/wp-json\/wp\/v2\/comments?post=13"}],"version-history":[{"count":14,"href":"https:\/\/kluboaza.pl\/index.php\/wp-json\/wp\/v2\/pages\/13\/revisions"}],"predecessor-version":[{"id":2998,"href":"https:\/\/kluboaza.pl\/index.php\/wp-json\/wp\/v2\/pages\/13\/revisions\/2998"}],"wp:attachment":[{"href":"https:\/\/kluboaza.pl\/index.php\/wp-json\/wp\/v2\/media?parent=13"}],"curies":[{"name":"wp","href":"https:\/\/api.w.org\/{rel}","templated":true}]}}