{"id":237,"date":"2023-02-22T10:05:41","date_gmt":"2023-02-22T10:05:41","guid":{"rendered":"http:\/\/kluboaza.pl\/?page_id=237"},"modified":"2025-10-29T17:41:22","modified_gmt":"2025-10-29T17:41:22","slug":"klub-seniora","status":"publish","type":"page","link":"https:\/\/kluboaza.pl\/index.php\/klub-seniora\/","title":{"rendered":"Klub Seniora Jutrzenka"},"content":{"rendered":"\n<p class=\"has-black-color has-vivid-purple-background-color has-text-color has-background\"><strong>Przewodnicz\u0105ca:<\/strong> Stanis\u0142awa Stankiewicz<\/p>\n\n\n\n<p>Celem Klubu jest: Dzia\u0142anie na rzecz os\u00f3b starszych, wymiana do\u015bwiadcze\u0144 pomi\u0119dzy uczestnikami. Popularyzacja wiedzy <br>w dziedzinie kultury, utrzymanie wi\u0119zi kole\u017ce\u0144skich. Rozbudzanie zainteresowa\u0144 o tematyce kulturalnej. Organizacja pomocy cz\u0142onkom klubu. Realizujemy swoje cele poprzez cotygodniowe spotkania , recytacje, gaw\u0119dziarstwo, kabarety. Wsp\u00f3\u0142pracujemy <br>z innymi osobami o podobnych zainteresowaniach. Organizujemy wycieczki, wieczorki taneczne, obchodzimy \u015bwi\u0119ta okoliczno\u015bciowe, op\u0142atek, jajko wielkanocne, imieniny cz\u0142onk\u00f3w. Bierzemy udzia\u0142 w wyst\u0119pach z okazji przegl\u0105d\u00f3w artystycznych.<\/p>\n","protected":false},"excerpt":{"rendered":"<p>Przewodnicz\u0105ca: Stanis\u0142awa Stankiewicz Celem Klubu jest: Dzia\u0142anie na rzecz os\u00f3b starszych, wymiana do\u015bwiadcze\u0144 pomi\u0119dzy uczestnikami. Popularyzacja&#46;&#46;&#46;<\/p>\n","protected":false},"author":1,"featured_media":0,"parent":0,"menu_order":12,"comment_status":"closed","ping_status":"closed","template":"","meta":{"_eb_attr":"","_uag_custom_page_level_css":"","footnotes":""},"class_list":["post-237","page","type-page","status-publish","hentry"],"uagb_featured_image_src":{"full":false,"thumbnail":false,"medium":false,"medium_large":false,"large":false,"1536x1536":false,"2048x2048":false,"screenplan-small":false,"screenplan-medium":false,"screenplan-large":false,"screenplan-large-h":false,"alx-small":false,"alx-medium":false},"uagb_author_info":{"display_name":"admin6190","author_link":"https:\/\/kluboaza.pl\/index.php\/author\/admin6190\/"},"uagb_comment_info":0,"uagb_excerpt":"Przewodnicz\u0105ca: Stanis\u0142awa Stankiewicz Celem Klubu jest: Dzia\u0142anie na rzecz os\u00f3b starszych, wymiana do\u015bwiadcze\u0144 pomi\u0119dzy uczestnikami. Popularyzacja&#46;&#46;&#46;","_links":{"self":[{"href":"https:\/\/kluboaza.pl\/index.php\/wp-json\/wp\/v2\/pages\/237","targetHints":{"allow":["GET"]}}],"collection":[{"href":"https:\/\/kluboaza.pl\/index.php\/wp-json\/wp\/v2\/pages"}],"about":[{"href":"https:\/\/kluboaza.pl\/index.php\/wp-json\/wp\/v2\/types\/page"}],"author":[{"embeddable":true,"href":"https:\/\/kluboaza.pl\/index.php\/wp-json\/wp\/v2\/users\/1"}],"replies":[{"embeddable":true,"href":"https:\/\/kluboaza.pl\/index.php\/wp-json\/wp\/v2\/comments?post=237"}],"version-history":[{"count":6,"href":"https:\/\/kluboaza.pl\/index.php\/wp-json\/wp\/v2\/pages\/237\/revisions"}],"predecessor-version":[{"id":3003,"href":"https:\/\/kluboaza.pl\/index.php\/wp-json\/wp\/v2\/pages\/237\/revisions\/3003"}],"wp:attachment":[{"href":"https:\/\/kluboaza.pl\/index.php\/wp-json\/wp\/v2\/media?parent=237"}],"curies":[{"name":"wp","href":"https:\/\/api.w.org\/{rel}","templated":true}]}}