{"id":239,"date":"2023-02-22T10:05:41","date_gmt":"2023-02-22T10:05:41","guid":{"rendered":"http:\/\/kluboaza.pl\/?page_id=239"},"modified":"2025-10-29T17:42:36","modified_gmt":"2025-10-29T17:42:36","slug":"plastyka","status":"publish","type":"page","link":"https:\/\/kluboaza.pl\/index.php\/plastyka\/","title":{"rendered":"Plastyka"},"content":{"rendered":"\n<p class=\"has-black-color has-vivid-purple-background-color has-text-color has-background\"><strong>Prowadz\u0105ca: <\/strong>Ewa Popek<\/p>\n\n\n\n<p>Zaj\u0119cia plastyczne dla dzieci to kreatywna przestrze\u0144, w kt\u00f3rej najm\u0142odsi mog\u0105 rozwija\u0107 swoj\u0105 wyobra\u017ani\u0119 i zdolno\u015bci manualne poprzez r\u00f3\u017cnorodne techniki artystyczne. Podczas warsztat\u00f3w dzieci poznaj\u0105 podstawy rysunku, malarstwa, lepienia z gliny oraz innych form ekspresji tw\u00f3rczej. Zaj\u0119cia sprzyjaj\u0105 budowaniu pewno\u015bci siebie, rozwijaj\u0105 koncentracj\u0119 oraz ucz\u0105 wyra\u017cania emocji za pomoc\u0105 sztuki. <br>W przyjaznej i wspieraj\u0105cej atmosferze ka\u017cde dziecko ma szans\u0119 odkry\u0107 sw\u00f3j unikalny talent i czerpa\u0107 rado\u015b\u0107 z tworzenia.<\/p>\n","protected":false},"excerpt":{"rendered":"<p>Prowadz\u0105ca: Ewa Popek Zaj\u0119cia plastyczne dla dzieci to kreatywna przestrze\u0144, w kt\u00f3rej najm\u0142odsi mog\u0105 rozwija\u0107 swoj\u0105&#46;&#46;&#46;<\/p>\n","protected":false},"author":1,"featured_media":0,"parent":0,"menu_order":18,"comment_status":"closed","ping_status":"closed","template":"","meta":{"_eb_attr":"","_uag_custom_page_level_css":"","footnotes":""},"class_list":["post-239","page","type-page","status-publish","hentry"],"uagb_featured_image_src":{"full":false,"thumbnail":false,"medium":false,"medium_large":false,"large":false,"1536x1536":false,"2048x2048":false,"screenplan-small":false,"screenplan-medium":false,"screenplan-large":false,"screenplan-large-h":false,"alx-small":false,"alx-medium":false},"uagb_author_info":{"display_name":"admin6190","author_link":"https:\/\/kluboaza.pl\/index.php\/author\/admin6190\/"},"uagb_comment_info":0,"uagb_excerpt":"Prowadz\u0105ca: Ewa Popek Zaj\u0119cia plastyczne dla dzieci to kreatywna przestrze\u0144, w kt\u00f3rej najm\u0142odsi mog\u0105 rozwija\u0107 swoj\u0105&#46;&#46;&#46;","_links":{"self":[{"href":"https:\/\/kluboaza.pl\/index.php\/wp-json\/wp\/v2\/pages\/239","targetHints":{"allow":["GET"]}}],"collection":[{"href":"https:\/\/kluboaza.pl\/index.php\/wp-json\/wp\/v2\/pages"}],"about":[{"href":"https:\/\/kluboaza.pl\/index.php\/wp-json\/wp\/v2\/types\/page"}],"author":[{"embeddable":true,"href":"https:\/\/kluboaza.pl\/index.php\/wp-json\/wp\/v2\/users\/1"}],"replies":[{"embeddable":true,"href":"https:\/\/kluboaza.pl\/index.php\/wp-json\/wp\/v2\/comments?post=239"}],"version-history":[{"count":3,"href":"https:\/\/kluboaza.pl\/index.php\/wp-json\/wp\/v2\/pages\/239\/revisions"}],"predecessor-version":[{"id":3004,"href":"https:\/\/kluboaza.pl\/index.php\/wp-json\/wp\/v2\/pages\/239\/revisions\/3004"}],"wp:attachment":[{"href":"https:\/\/kluboaza.pl\/index.php\/wp-json\/wp\/v2\/media?parent=239"}],"curies":[{"name":"wp","href":"https:\/\/api.w.org\/{rel}","templated":true}]}}