{"id":262,"date":"2023-03-29T09:52:41","date_gmt":"2023-03-29T09:52:41","guid":{"rendered":"http:\/\/kluboaza.pl\/?page_id=262"},"modified":"2025-10-29T17:38:17","modified_gmt":"2025-10-29T17:38:17","slug":"aktualnosci","status":"publish","type":"page","link":"https:\/\/kluboaza.pl\/","title":{"rendered":"Aktualno\u015bci"},"content":{"rendered":"\n<hr class=\"wp-block-separator has-alpha-channel-opacity\"\/>\n\n\n\n<div class=\"wp-block-group is-layout-flex wp-block-group-is-layout-flex\">\n<div class=\"wp-block-columns is-layout-flex wp-container-core-columns-is-layout-9d6595d7 wp-block-columns-is-layout-flex\">\n<div class=\"wp-block-column is-layout-flow wp-block-column-is-layout-flow\" style=\"flex-basis:50%\">\n<figure class=\"wp-block-video aligncenter\"><video height=\"672\" style=\"aspect-ratio: 368 \/ 672;\" width=\"368\" controls src=\"https:\/\/kluboaza.pl\/wp-content\/uploads\/2024\/01\/Marcel-debosz.mp4\"><\/video><\/figure>\n<\/div>\n\n\n\n<div class=\"wp-block-column is-vertically-aligned-center is-layout-flow wp-block-column-is-layout-flow\" style=\"flex-basis:50%\">\n<p class=\"has-text-align-center has-luminous-vivid-amber-background-color has-background has-medium-font-size\">Podczas XXI Festiwalu Kol\u0119d i Pastora\u0142ek DOMANIEWICE 2024 nasz klubowicz <br><strong>Marcel  D\u0119bosz <\/strong> <br>zaj\u0105\u0142 I miejsce. <br>Do wyst\u0119pu przygotowa\u0142a go Pani<em> <\/em><br><em>Karina S\u0119dkowska-Staszewska. <\/em><br><strong>GRATULUJEMY !!! <\/strong><\/p>\n<\/div>\n<\/div>\n<\/div>\n","protected":false},"excerpt":{"rendered":"<p>Podczas XXI Festiwalu Kol\u0119d i Pastora\u0142ek DOMANIEWICE 2024 nasz klubowicz Marcel D\u0119bosz zaj\u0105\u0142 I miejsce. Do&#46;&#46;&#46;<\/p>\n","protected":false},"author":1,"featured_media":0,"parent":0,"menu_order":1,"comment_status":"closed","ping_status":"closed","template":"","meta":{"_eb_attr":"","_uag_custom_page_level_css":"","footnotes":""},"class_list":["post-262","page","type-page","status-publish","hentry"],"uagb_featured_image_src":{"full":false,"thumbnail":false,"medium":false,"medium_large":false,"large":false,"1536x1536":false,"2048x2048":false,"screenplan-small":false,"screenplan-medium":false,"screenplan-large":false,"screenplan-large-h":false,"alx-small":false,"alx-medium":false},"uagb_author_info":{"display_name":"admin6190","author_link":"https:\/\/kluboaza.pl\/index.php\/author\/admin6190\/"},"uagb_comment_info":0,"uagb_excerpt":"Podczas XXI Festiwalu Kol\u0119d i Pastora\u0142ek DOMANIEWICE 2024 nasz klubowicz Marcel D\u0119bosz zaj\u0105\u0142 I miejsce. Do&#46;&#46;&#46;","_links":{"self":[{"href":"https:\/\/kluboaza.pl\/index.php\/wp-json\/wp\/v2\/pages\/262","targetHints":{"allow":["GET"]}}],"collection":[{"href":"https:\/\/kluboaza.pl\/index.php\/wp-json\/wp\/v2\/pages"}],"about":[{"href":"https:\/\/kluboaza.pl\/index.php\/wp-json\/wp\/v2\/types\/page"}],"author":[{"embeddable":true,"href":"https:\/\/kluboaza.pl\/index.php\/wp-json\/wp\/v2\/users\/1"}],"replies":[{"embeddable":true,"href":"https:\/\/kluboaza.pl\/index.php\/wp-json\/wp\/v2\/comments?post=262"}],"version-history":[{"count":286,"href":"https:\/\/kluboaza.pl\/index.php\/wp-json\/wp\/v2\/pages\/262\/revisions"}],"predecessor-version":[{"id":2999,"href":"https:\/\/kluboaza.pl\/index.php\/wp-json\/wp\/v2\/pages\/262\/revisions\/2999"}],"wp:attachment":[{"href":"https:\/\/kluboaza.pl\/index.php\/wp-json\/wp\/v2\/media?parent=262"}],"curies":[{"name":"wp","href":"https:\/\/api.w.org\/{rel}","templated":true}]}}