{"id":28,"date":"2023-02-16T16:27:53","date_gmt":"2023-02-16T16:27:53","guid":{"rendered":"http:\/\/kluboaza.pl\/?page_id=28"},"modified":"2025-10-29T17:46:22","modified_gmt":"2025-10-29T17:46:22","slug":"taniec","status":"publish","type":"page","link":"https:\/\/kluboaza.pl\/index.php\/taniec\/","title":{"rendered":"Kurs Ta\u0144ca"},"content":{"rendered":"\n<p class=\"has-vivid-purple-background-color has-background\"><strong>Instruktor:<\/strong> mgr Grzegorz Gwia\u017adzi\u0144ski<\/p>\n\n\n\n<div class=\"wp-block-media-text alignwide is-stacked-on-mobile is-vertically-aligned-center\" style=\"grid-template-columns:25% auto\"><figure class=\"wp-block-media-text__media\"><img fetchpriority=\"high\" decoding=\"async\" width=\"1024\" height=\"754\" src=\"https:\/\/kluboaza.pl\/wp-content\/uploads\/2024\/04\/RR-1024x754.png\" alt=\"\" class=\"wp-image-2235 size-large\" srcset=\"https:\/\/kluboaza.pl\/wp-content\/uploads\/2024\/04\/RR-1024x754.png 1024w, https:\/\/kluboaza.pl\/wp-content\/uploads\/2024\/04\/RR-300x221.png 300w, https:\/\/kluboaza.pl\/wp-content\/uploads\/2024\/04\/RR-768x565.png 768w, https:\/\/kluboaza.pl\/wp-content\/uploads\/2024\/04\/RR-1536x1130.png 1536w, https:\/\/kluboaza.pl\/wp-content\/uploads\/2024\/04\/RR-800x589.png 800w, https:\/\/kluboaza.pl\/wp-content\/uploads\/2024\/04\/RR.png 2048w\" sizes=\"(max-width: 1024px) 100vw, 1024px\" \/><\/figure><div class=\"wp-block-media-text__content\">\n<p><strong>Kurs ta\u0144ca<\/strong> dla pocz\u0105tkuj\u0105cych to idealna propozycja dla os\u00f3b, kt\u00f3re chc\u0105 nauczy\u0107 si\u0119 podstawowych krok\u00f3w. Zaj\u0119cia obejmuj\u0105 nauk\u0119 takich ta\u0144c\u00f3w jak:  walc, tango, disco, rock&amp;roll, cha cha, walczyk, samba, salsa. Uczestnicy ucz\u0105 si\u0119 rytmu, koordynacji ruch\u00f3w oraz wyczucia muzyki. Kursy prowadzone s\u0105 przez do\u015bwiadczonego instruktora. Tempo nauki dostosowane jest do umiej\u0119tno\u015bci uczestnik\u00f3w. Atmosfera jest przyjazna i sprzyja integracji, co sprawia, \u017ce nauka ta\u0144ca staje si\u0119 przyjemno\u015bci\u0105. To \u015bwietny spos\u00f3b na aktywne sp\u0119dzenie czasu, popraw\u0119 kondycji fizycznej oraz nawi\u0105zywanie nowych znajomo\u015bci.<\/p>\n<\/div><\/div>\n\n\n\n<div class=\"wp-block-uagb-separator uagb-block-98c45c80\"><div class=\"wp-block-uagb-separator__inner\" style=\"--my-background-image:\"><\/div><\/div>\n\n\n\n<p class=\"has-large-font-size\"><strong>Zumba Kids<\/strong><\/p>\n\n\n\n<p class=\"has-black-color has-vivid-purple-background-color has-text-color has-background\"><strong>Instruktor:<\/strong> Agnieszka Milczarek<\/p>\n\n\n\n<p><img decoding=\"async\" width=\"150\" height=\"150\" class=\"wp-image-2255\" style=\"width: 150px;\" src=\"https:\/\/kluboaza.pl\/wp-content\/uploads\/2024\/04\/Zumba-Kids-kopia.png\" alt=\"\" srcset=\"https:\/\/kluboaza.pl\/wp-content\/uploads\/2024\/04\/Zumba-Kids-kopia.png 441w, https:\/\/kluboaza.pl\/wp-content\/uploads\/2024\/04\/Zumba-Kids-kopia-300x300.png 300w, https:\/\/kluboaza.pl\/wp-content\/uploads\/2024\/04\/Zumba-Kids-kopia-150x150.png 150w, https:\/\/kluboaza.pl\/wp-content\/uploads\/2024\/04\/Zumba-Kids-kopia-200x200.png 200w\" sizes=\"(max-width: 150px) 100vw, 150px\" \/><strong>Zumba<\/strong>&nbsp; zawiera w sobie elementy ta\u0144ca i aerobiku. Choreografi\u0119 \u0142\u0105cz\u0105 w sobie takie style, jak m.in: salsa, marengue, hip hop. Zaj\u0119cia s\u0105 prowadzone przez wykwalifikowanego instruktora, kt\u00f3ry potrafi dopasowa\u0107 poziom zaj\u0119\u0107 do mo\u017cliwo\u015bci dzieci, zapewni\u0107 im bezpiecze\u0144stwo i rozrywk\u0119.&nbsp;<\/p>\n","protected":false},"excerpt":{"rendered":"<p>Instruktor: mgr Grzegorz Gwia\u017adzi\u0144ski Kurs ta\u0144ca dla pocz\u0105tkuj\u0105cych to idealna propozycja dla os\u00f3b, kt\u00f3re chc\u0105 nauczy\u0107&#46;&#46;&#46;<\/p>\n","protected":false},"author":1,"featured_media":0,"parent":0,"menu_order":21,"comment_status":"closed","ping_status":"closed","template":"","meta":{"_eb_attr":"","_uag_custom_page_level_css":"","footnotes":""},"class_list":["post-28","page","type-page","status-publish","hentry"],"uagb_featured_image_src":{"full":false,"thumbnail":false,"medium":false,"medium_large":false,"large":false,"1536x1536":false,"2048x2048":false,"screenplan-small":false,"screenplan-medium":false,"screenplan-large":false,"screenplan-large-h":false,"alx-small":false,"alx-medium":false},"uagb_author_info":{"display_name":"admin6190","author_link":"https:\/\/kluboaza.pl\/index.php\/author\/admin6190\/"},"uagb_comment_info":0,"uagb_excerpt":"Instruktor: mgr Grzegorz Gwia\u017adzi\u0144ski Kurs ta\u0144ca dla pocz\u0105tkuj\u0105cych to idealna propozycja dla os\u00f3b, kt\u00f3re chc\u0105 nauczy\u0107&#46;&#46;&#46;","_links":{"self":[{"href":"https:\/\/kluboaza.pl\/index.php\/wp-json\/wp\/v2\/pages\/28","targetHints":{"allow":["GET"]}}],"collection":[{"href":"https:\/\/kluboaza.pl\/index.php\/wp-json\/wp\/v2\/pages"}],"about":[{"href":"https:\/\/kluboaza.pl\/index.php\/wp-json\/wp\/v2\/types\/page"}],"author":[{"embeddable":true,"href":"https:\/\/kluboaza.pl\/index.php\/wp-json\/wp\/v2\/users\/1"}],"replies":[{"embeddable":true,"href":"https:\/\/kluboaza.pl\/index.php\/wp-json\/wp\/v2\/comments?post=28"}],"version-history":[{"count":25,"href":"https:\/\/kluboaza.pl\/index.php\/wp-json\/wp\/v2\/pages\/28\/revisions"}],"predecessor-version":[{"id":3010,"href":"https:\/\/kluboaza.pl\/index.php\/wp-json\/wp\/v2\/pages\/28\/revisions\/3010"}],"wp:attachment":[{"href":"https:\/\/kluboaza.pl\/index.php\/wp-json\/wp\/v2\/media?parent=28"}],"curies":[{"name":"wp","href":"https:\/\/api.w.org\/{rel}","templated":true}]}}