{"id":36,"date":"2023-02-16T16:29:33","date_gmt":"2023-02-16T16:29:33","guid":{"rendered":"http:\/\/kluboaza.pl\/?page_id=36"},"modified":"2024-04-17T07:59:35","modified_gmt":"2024-04-17T07:59:35","slug":"brydz","status":"publish","type":"page","link":"https:\/\/kluboaza.pl\/index.php\/brydz\/","title":{"rendered":"Bryd\u017c"},"content":{"rendered":"\n<p><img decoding=\"async\" class=\"wp-image-2264\" style=\"width: 150px;\" src=\"https:\/\/kluboaza.pl\/wp-content\/uploads\/2024\/04\/Brydz-kopia.png\" alt=\"\"><strong>Bryd\u017c sportowy<\/strong>, inaczej\u00a0<strong>bryd\u017c por\u00f3wnawczy<\/strong>\u00a0 \u2013 odmiana bryd\u017ca, w kt\u00f3rej dzi\u0119ki specjalnej organizacji rozgrywek poszczeg\u00f3lne rozdania rozgrywane s\u0105 na wielu sto\u0142ach przez r\u00f3\u017cnych graczy. Wynik osi\u0105gni\u0119ty przez jedn\u0105 par\u0119 graczy por\u00f3wnywany jest z wynikami innych par rozgrywaj\u0105cych to samo rozdanie z tym samym uk\u0142adem kart. Ko\u0144cowy wynik rozgrywek ustalany jest na podstawie tego por\u00f3wnania. Zatem osi\u0105gni\u0119te rezultaty nie zale\u017c\u0105 od jako\u015bci otrzymanej karty, ale od sposobu jej wykorzystania, czyli od umiej\u0119tno\u015bci graczy. W ten spos\u00f3b eliminowany jest czynnik szcz\u0119\u015bcia zwi\u0105zany z przydzia\u0142em kart i stwarzane s\u0105 warunki do wsp\u00f3\u0142zawodnictwa sportowego.<br>pl.wikipedia.org<\/p>\n","protected":false},"excerpt":{"rendered":"<p>Bryd\u017c sportowy, inaczej\u00a0bryd\u017c por\u00f3wnawczy\u00a0 \u2013 odmiana bryd\u017ca, w kt\u00f3rej dzi\u0119ki specjalnej organizacji rozgrywek poszczeg\u00f3lne rozdania rozgrywane&#46;&#46;&#46;<\/p>\n","protected":false},"author":1,"featured_media":0,"parent":0,"menu_order":2,"comment_status":"closed","ping_status":"closed","template":"","meta":{"_eb_attr":"","_uag_custom_page_level_css":"","footnotes":""},"class_list":["post-36","page","type-page","status-publish","hentry"],"uagb_featured_image_src":{"full":false,"thumbnail":false,"medium":false,"medium_large":false,"large":false,"1536x1536":false,"2048x2048":false,"screenplan-small":false,"screenplan-medium":false,"screenplan-large":false,"screenplan-large-h":false,"alx-small":false,"alx-medium":false},"uagb_author_info":{"display_name":"admin6190","author_link":"https:\/\/kluboaza.pl\/index.php\/author\/admin6190\/"},"uagb_comment_info":0,"uagb_excerpt":"Bryd\u017c sportowy, inaczej\u00a0bryd\u017c por\u00f3wnawczy\u00a0 \u2013 odmiana bryd\u017ca, w kt\u00f3rej dzi\u0119ki specjalnej organizacji rozgrywek poszczeg\u00f3lne rozdania rozgrywane&#46;&#46;&#46;","_links":{"self":[{"href":"https:\/\/kluboaza.pl\/index.php\/wp-json\/wp\/v2\/pages\/36","targetHints":{"allow":["GET"]}}],"collection":[{"href":"https:\/\/kluboaza.pl\/index.php\/wp-json\/wp\/v2\/pages"}],"about":[{"href":"https:\/\/kluboaza.pl\/index.php\/wp-json\/wp\/v2\/types\/page"}],"author":[{"embeddable":true,"href":"https:\/\/kluboaza.pl\/index.php\/wp-json\/wp\/v2\/users\/1"}],"replies":[{"embeddable":true,"href":"https:\/\/kluboaza.pl\/index.php\/wp-json\/wp\/v2\/comments?post=36"}],"version-history":[{"count":4,"href":"https:\/\/kluboaza.pl\/index.php\/wp-json\/wp\/v2\/pages\/36\/revisions"}],"predecessor-version":[{"id":2266,"href":"https:\/\/kluboaza.pl\/index.php\/wp-json\/wp\/v2\/pages\/36\/revisions\/2266"}],"wp:attachment":[{"href":"https:\/\/kluboaza.pl\/index.php\/wp-json\/wp\/v2\/media?parent=36"}],"curies":[{"name":"wp","href":"https:\/\/api.w.org\/{rel}","templated":true}]}}