{"id":537,"date":"2023-05-09T08:39:37","date_gmt":"2023-05-09T08:39:37","guid":{"rendered":"http:\/\/kluboaza.pl\/?page_id=537"},"modified":"2023-06-26T14:30:39","modified_gmt":"2023-06-26T14:30:39","slug":"kontakt-2","status":"publish","type":"page","link":"https:\/\/kluboaza.pl\/index.php\/kontakt-2\/","title":{"rendered":"Kontakt"},"content":{"rendered":"\n<figure class=\"wp-block-table\"><table><tbody><tr><td><a href=\"https:\/\/kluboaza.pl\/wp-admin\/admin.php?page=wpforms-overview&amp;action=trash&amp;form_id=534&amp;_wpnonce=b38709e025\"><\/a><\/td><td><style id=\"wpforms-css-vars-534\">\n\t\t\t\t#wpforms-534 {\n\t\t\t\t\n\t\t\t}\n\t\t\t<\/style><div class=\"wpforms-container wpforms-container-full wpforms-render-modern\" id=\"wpforms-534\"><form id=\"wpforms-form-534\" class=\"wpforms-validate wpforms-form wpforms-ajax-form\" data-formid=\"534\" method=\"post\" enctype=\"multipart\/form-data\" action=\"\/index.php\/wp-json\/wp\/v2\/pages\/537\" data-token=\"95b259597b1866f16ccf45372e33c337\" data-token-time=\"1776695710\"><noscript class=\"wpforms-error-noscript\">Aby wype\u0142ni\u0107 ten formularz, w\u0142\u0105cz obs\u0142ug\u0119 JavaScript w przegl\u0105darce.<\/noscript><div id=\"wpforms-error-noscript\" style=\"display: none;\">Aby wype\u0142ni\u0107 ten formularz, w\u0142\u0105cz obs\u0142ug\u0119 JavaScript w przegl\u0105darce.<\/div><div class=\"wpforms-field-container\"><div id=\"wpforms-534-field_0-container\" class=\"wpforms-field wpforms-field-name\" data-field-id=\"0\"><label class=\"wpforms-field-label\" for=\"wpforms-534-field_0\">Imi\u0119  <span class=\"wpforms-required-label\" aria-hidden=\"true\">*<\/span><\/label><input type=\"text\" id=\"wpforms-534-field_0\" class=\"wpforms-field-large wpforms-field-required\" name=\"wpforms[fields][0]\" aria-errormessage=\"wpforms-534-field_0-error\" required><\/div><div id=\"wpforms-534-field_1-container\" class=\"wpforms-field wpforms-field-email\" data-field-id=\"1\"><label class=\"wpforms-field-label\" for=\"wpforms-534-field_1\">E-mail <span class=\"wpforms-required-label\" aria-hidden=\"true\">*<\/span><\/label><input type=\"email\" id=\"wpforms-534-field_1\" class=\"wpforms-field-large wpforms-field-required\" name=\"wpforms[fields][1]\" spellcheck=\"false\" aria-errormessage=\"wpforms-534-field_1-error\" required><\/div><div id=\"wpforms-534-field_2-container\" class=\"wpforms-field wpforms-field-textarea\" data-field-id=\"2\"><label class=\"wpforms-field-label\" for=\"wpforms-534-field_2\">Napisz wiadomo\u015b\u0107<\/label><textarea id=\"wpforms-534-field_2\" class=\"wpforms-field-medium\" name=\"wpforms[fields][2]\" aria-errormessage=\"wpforms-534-field_2-error\" ><\/textarea><\/div><div id=\"wpforms-534-field_3-container\" class=\"wpforms-field wpforms-field-checkbox\" data-field-id=\"3\"><fieldset><legend class=\"wpforms-field-label\"><\/legend><ul id=\"wpforms-534-field_3\"><li class=\"choice-1 depth-1\"><input type=\"checkbox\" id=\"wpforms-534-field_3_1\" name=\"wpforms[fields][3][]\" value=\"Zapozna\u0142em si\u0119 z Polityk\u0105 Prywatno\u015bci\" aria-errormessage=\"wpforms-534-field_3_1-error\"  ><label class=\"wpforms-field-label-inline\" for=\"wpforms-534-field_3_1\">Zapozna\u0142em si\u0119 z Polityk\u0105 Prywatno\u015bci<\/label><\/li><\/ul><\/fieldset><\/div><\/div><!-- .wpforms-field-container --><div class=\"wpforms-submit-container\" ><input type=\"hidden\" name=\"wpforms[id]\" value=\"534\"><input type=\"hidden\" name=\"page_title\" value=\"\"><input type=\"hidden\" name=\"page_url\" value=\"https:\/\/kluboaza.pl\/index.php\/wp-json\/wp\/v2\/pages\/537\"><input type=\"hidden\" name=\"url_referer\" value=\"\"><button type=\"submit\" name=\"wpforms[submit]\" id=\"wpforms-submit-534\" class=\"wpforms-submit\" data-alt-text=\"Wysy\u0142anie...\" data-submit-text=\"Prze\u015blij\" aria-live=\"assertive\" value=\"wpforms-submit\">Prze\u015blij<\/button><img decoding=\"async\" src=\"https:\/\/kluboaza.pl\/wp-content\/plugins\/wpforms-lite\/assets\/images\/submit-spin.svg\" class=\"wpforms-submit-spinner\" style=\"display: none;\" width=\"26\" height=\"26\" alt=\"Wczytywanie\"><\/div><\/form><\/div>  <!-- .wpforms-container --><\/td><\/tr><\/tbody><\/table><\/figure>\n","protected":false},"excerpt":{"rendered":"","protected":false},"author":1,"featured_media":0,"parent":0,"menu_order":14,"comment_status":"closed","ping_status":"closed","template":"","meta":{"_eb_attr":"","_uag_custom_page_level_css":"","footnotes":""},"class_list":["post-537","page","type-page","status-publish","hentry"],"uagb_featured_image_src":{"full":false,"thumbnail":false,"medium":false,"medium_large":false,"large":false,"1536x1536":false,"2048x2048":false,"screenplan-small":false,"screenplan-medium":false,"screenplan-large":false,"screenplan-large-h":false,"alx-small":false,"alx-medium":false},"uagb_author_info":{"display_name":"admin6190","author_link":"https:\/\/kluboaza.pl\/index.php\/author\/admin6190\/"},"uagb_comment_info":0,"uagb_excerpt":null,"_links":{"self":[{"href":"https:\/\/kluboaza.pl\/index.php\/wp-json\/wp\/v2\/pages\/537","targetHints":{"allow":["GET"]}}],"collection":[{"href":"https:\/\/kluboaza.pl\/index.php\/wp-json\/wp\/v2\/pages"}],"about":[{"href":"https:\/\/kluboaza.pl\/index.php\/wp-json\/wp\/v2\/types\/page"}],"author":[{"embeddable":true,"href":"https:\/\/kluboaza.pl\/index.php\/wp-json\/wp\/v2\/users\/1"}],"replies":[{"embeddable":true,"href":"https:\/\/kluboaza.pl\/index.php\/wp-json\/wp\/v2\/comments?post=537"}],"version-history":[{"count":3,"href":"https:\/\/kluboaza.pl\/index.php\/wp-json\/wp\/v2\/pages\/537\/revisions"}],"predecessor-version":[{"id":542,"href":"https:\/\/kluboaza.pl\/index.php\/wp-json\/wp\/v2\/pages\/537\/revisions\/542"}],"wp:attachment":[{"href":"https:\/\/kluboaza.pl\/index.php\/wp-json\/wp\/v2\/media?parent=537"}],"curies":[{"name":"wp","href":"https:\/\/api.w.org\/{rel}","templated":true}]}}